{"id":162,"date":"2023-04-11T16:44:26","date_gmt":"2023-04-11T16:44:26","guid":{"rendered":"https:\/\/hosting.inet.cl\/?page_id=162"},"modified":"2023-05-21T18:33:24","modified_gmt":"2023-05-21T18:33:24","slug":"promos","status":"publish","type":"page","link":"https:\/\/hosting.inet.cl\/?page_id=162","title":{"rendered":"PROMOS"},"content":{"rendered":"\n\n\n<h2>OFERTAS!<\/h2>\n\n\n\n\n<p><strong style=\"color: rgb(0, 71, 178); font-family: &quot;arial black&quot;, sans-serif; font-size: x-large;\">Duplica tu espacio sin costo adicional!<\/strong><\/p><p><span style=\"color: rgb(51, 51, 51); font-family: RobotoCondensed, arial, sans-serif; font-size: small;\">*Planes b\u00e1sicos hasta U1000. El espacio te lo quedas por siempre!<\/span><\/p>\n\n\n\n<p><strong style=\"color: rgb(51, 51, 51); font-family: &quot;arial black&quot;, sans-serif; font-size: 18px;\"><span style=\"color: rgb(255, 0, 0);\"><span style=\"font-size: x-large;\">Pagas s\u00f3lo un a\u00f1o y tendr\u00e1s dos a\u00f1os completos de servicio!<\/span><span style=\"font-size:medium;\"><\/span><\/span><\/strong><br><\/p><p><span style=\"color: rgb(51, 51, 51); font-family: RobotoCondensed, arial, sans-serif; font-size: small;\">*Planes b\u00e1sicos hasta U1000, por un per\u00edodo (primer a\u00f1o)<\/span><\/p>\n\n\n\n\n\n<p><strong style=\"color: rgb(161, 0, 0); font-family: &quot;arial black&quot;, sans-serif; font-size: x-large;\">Obt\u00e9n una prueba de 15 d\u00edas absolutamente GRATIS!<\/strong><br><\/p><p><span style=\"color: rgb(51, 51, 51); font-family: RobotoCondensed, arial, sans-serif; font-size: small;\">*Despu\u00e9s de la prueba podr\u00e1s seguir con tu servicio cancelando los valores del plan elegido (V\u00e1lida para planes U60 y U120 solamente, luego podr\u00e1s aumentar tu plan cuando quieras).<\/span><\/p>\n\n\n\n<p><strong style=\"color: rgb(0, 128, 0); font-family: &quot;arial black&quot;, sans-serif; font-size: x-large;\">Obt\u00e9n una p\u00e1gina WEB absolutamente GRATIS! Te ayudamos a empezar<\/strong><br><\/p><p><span style=\"color: rgb(85, 85, 85); font-family: arial, sans-serif; font-size: 15px;\"><span style=\"font-size:small;\">*<\/span><span style=\"font-size:small;\">Por la compra de tu hosting b\u00e1sico o avanzado (planes U500 o superiores) obt\u00e9n una pagina web sin costo adicional (dise\u00f1o b\u00e1sico)<\/span><\/span><\/p>\n\n\n\n\n\n<p style=\"text-align: center;\"><span style=\"font-size:small;\"><span style=\"color: rgb(85, 85, 85); font-family: arial, sans-serif; text-align: center;\">*<\/span><span style=\"color: rgb(85, 85, 85); font-family: arial, sans-serif; text-align: center;\">Promoci\u00f3nes v\u00e1lidas s\u00f3lo para contratos nuevos. por el tiempo que dure esta promoci\u00f3n y sujeta a disponibilidad de stock.&nbsp;<\/span><\/span><\/p>\n<p style=\"text-align: center;\"><span style=\"font-size:small;\"><span style=\"color: rgb(85, 85, 85); font-family: arial, sans-serif; text-align: center;\"><\/span><\/span><span style=\"background-color: initial;\">*NOTA: promociones sujetas a disponibilidad y fechas promocionales. NO incluyen registro de dominio. Cada promoci\u00f3n est\u00e1 disponible para planes definidos, revisar detalles en el link de cada promoci\u00f3n. En el caso de la web gratis, la misma tiene limites de contenido y corresponde a un predise\u00f1o entre opciones de plantilla definidas. PLANES PREMIUM, ILIMITADOS o ESPECIALES consultar aplicabilidad. Promociones v\u00e1lidas s\u00f3lo para planes dominios NUEVOS, no incluye renovaciones. Estas promociones no son&nbsp;<\/span><span style=\"background-color: initial;\">acumulables entre ellas o con otras promociones o descuentos.<\/span><\/p>\n\n\n\n\n<form action=\"\/promos\/?pagelayer-iframe=1&amp;pagelayer-live=1#wpcf7-f161-p162-o1\" method=\"post\" class=\"wpcf7-form init\" aria-label=\"Formulario de contacto\" novalidate=\"novalidate\" data-status=\"init\"><p><span style=\"text-align: center; font-size: x-large;\">Elige la oferta que m\u00e1s te guste!<\/span><span style=\"background-color: initial; color: rgb(85, 85, 85); font-family: arial, sans-serif; text-align: center; font-size: 16px;\"><br><\/span><\/p><\/form>\n<style id=\"wpforms-css-vars-465\">\n\t\t\t\t#wpforms-465 {\n\t\t\t\t\n\t\t\t}\n\t\t\t<\/style><div class=\"wpforms-container wpforms-container-full wpforms-render-modern\" id=\"wpforms-465\"><form id=\"wpforms-form-465\" class=\"wpforms-validate wpforms-form\" data-formid=\"465\" method=\"post\" enctype=\"multipart\/form-data\" action=\"\/index.php?rest_route=%2Fwp%2Fv2%2Fpages%2F162\" data-token=\"61425369f5bf28ffe3c5215aa71edb45\" data-token-time=\"1777787687\"><noscript class=\"wpforms-error-noscript\">Por favor, activa JavaScript en tu navegador para completar este formulario.<\/noscript><div id=\"wpforms-error-noscript\" style=\"display: none;\">Por favor, activa JavaScript en tu navegador para completar este formulario.<\/div><div class=\"wpforms-field-container\"><div id=\"wpforms-465-field_1-container\" class=\"wpforms-field wpforms-field-text\" data-field-id=\"1\"><label class=\"wpforms-field-label\" for=\"wpforms-465-field_1\">Tu nombre <span class=\"wpforms-required-label\" aria-hidden=\"true\">*<\/span><\/label><input type=\"text\" id=\"wpforms-465-field_1\" class=\"wpforms-field-medium wpforms-field-required\" name=\"wpforms[fields][1]\" aria-errormessage=\"wpforms-465-field_1-error\" required><\/div><div id=\"wpforms-465-field_2-container\" class=\"wpforms-field wpforms-field-email\" data-field-id=\"2\"><label class=\"wpforms-field-label\" for=\"wpforms-465-field_2\">Tu correo electr\u00f3nico <span class=\"wpforms-required-label\" aria-hidden=\"true\">*<\/span><\/label><input type=\"email\" id=\"wpforms-465-field_2\" class=\"wpforms-field-medium wpforms-field-required\" name=\"wpforms[fields][2]\" spellcheck=\"false\" aria-errormessage=\"wpforms-465-field_2-error\" required><\/div><div id=\"wpforms-465-field_3-container\" class=\"wpforms-field wpforms-field-text\" data-field-id=\"3\"><label class=\"wpforms-field-label\" for=\"wpforms-465-field_3\">Asunto <span class=\"wpforms-required-label\" aria-hidden=\"true\">*<\/span><\/label><input type=\"text\" id=\"wpforms-465-field_3\" class=\"wpforms-field-medium wpforms-field-required\" name=\"wpforms[fields][3]\" aria-errormessage=\"wpforms-465-field_3-error\" required><\/div><div id=\"wpforms-465-field_4-container\" class=\"wpforms-field wpforms-field-select wpforms-field-select-style-classic\" data-field-id=\"4\"><label class=\"wpforms-field-label\" for=\"wpforms-465-field_4\">ELIJE TU PLAN EN PROMOCION: <span class=\"wpforms-required-label\" aria-hidden=\"true\">*<\/span><\/label><select id=\"wpforms-465-field_4\" class=\"wpforms-field-medium wpforms-field-required\" name=\"wpforms[fields][4]\" required=\"required\"><option value=\"\" class=\"placeholder\" disabled  selected='selected'>---<\/option><option value=\"U60 prueba gratis\"  class=\"choice-0 depth-1\"  >U60 prueba gratis<\/option><option value=\"U60 doble espacio\"  class=\"choice-1 depth-1\"  >U60 doble espacio<\/option><option value=\"U60 a\u00f1o gratis\"  class=\"choice-2 depth-1\"  >U60 a\u00f1o gratis<\/option><option value=\"U120 prueba gratis\"  class=\"choice-3 depth-1\"  >U120 prueba gratis<\/option><option value=\"U120 doble espacio\"  class=\"choice-4 depth-1\"  >U120 doble espacio<\/option><option value=\"U120 a\u00f1o gratis\"  class=\"choice-5 depth-1\"  >U120 a\u00f1o gratis<\/option><option value=\"U500 doble espacio\"  class=\"choice-6 depth-1\"  >U500 doble espacio<\/option><option value=\"U500 a\u00f1o gratis\"  class=\"choice-7 depth-1\"  >U500 a\u00f1o gratis<\/option><option value=\"U500 web gratis\"  class=\"choice-8 depth-1\"  >U500 web gratis<\/option><option value=\"U1000 doble espacio\"  class=\"choice-9 depth-1\"  >U1000 doble espacio<\/option><option value=\"U1000 a\u00f1o gratis\"  class=\"choice-10 depth-1\"  >U1000 a\u00f1o gratis<\/option><option value=\"U1000 web gratis\"  class=\"choice-11 depth-1\"  >U1000 web gratis<\/option><option value=\"U2000 web gratis\"  class=\"choice-12 depth-1\"  >U2000 web gratis<\/option><option value=\"U4000 web gratis\"  class=\"choice-13 depth-1\"  >U4000 web gratis<\/option><\/select><\/div><div id=\"wpforms-465-field_5-container\" class=\"wpforms-field wpforms-field-textarea\" data-field-id=\"5\"><label class=\"wpforms-field-label\" for=\"wpforms-465-field_5\">Tu mensaje (opcional)<\/label><textarea id=\"wpforms-465-field_5\" class=\"wpforms-field-medium\" name=\"wpforms[fields][5]\" aria-errormessage=\"wpforms-465-field_5-error\" ><\/textarea><\/div><\/div><!-- .wpforms-field-container --><div class=\"wpforms-recaptcha-container wpforms-is-recaptcha wpforms-is-recaptcha-type-v2\" ><div class=\"g-recaptcha\" data-sitekey=\"6LfxYgkqAAAAAC4z4pspI4gNBhCkUYfLjdCqckMB\"><\/div><input type=\"text\" name=\"g-recaptcha-hidden\" class=\"wpforms-recaptcha-hidden\" style=\"position:absolute!important;clip:rect(0,0,0,0)!important;height:1px!important;width:1px!important;border:0!important;overflow:hidden!important;padding:0!important;margin:0!important;\" data-rule-recaptcha=\"1\"><\/div><div class=\"wpforms-submit-container\" ><input type=\"hidden\" name=\"wpforms[id]\" value=\"465\"><input type=\"hidden\" name=\"page_title\" value=\"\"><input type=\"hidden\" name=\"page_url\" value=\"https:\/\/hosting.inet.cl\/index.php?rest_route=\/wp\/v2\/pages\/162\"><input type=\"hidden\" name=\"url_referer\" value=\"\"><button type=\"submit\" name=\"wpforms[submit]\" id=\"wpforms-submit-465\" class=\"wpforms-submit\" data-alt-text=\"Enviando\" data-submit-text=\"Enviar\" aria-live=\"assertive\" value=\"wpforms-submit\">Enviar<\/button><\/div><\/form><\/div>  <!-- .wpforms-container -->\n<form action=\"\/promos\/?pagelayer-iframe=1&amp;pagelayer-live=1#wpcf7-f161-p162-o1\" method=\"post\" class=\"wpcf7-form init\" aria-label=\"Formulario de contacto\" novalidate=\"novalidate\" data-status=\"init\"><p style=\"text-align: center; \"><span style=\"background-color: initial; font-size: 16px;\"><font color=\"#555555\" face=\"arial, sans-serif\"><\/font><\/span><span style=\"background-color: initial; color: rgb(85, 85, 85); font-family: arial, sans-serif; text-align: center; font-size: 16px;\">*<\/span><span style=\"background-color: initial; color: rgb(85, 85, 85); font-family: arial, sans-serif; text-align: center; font-size: 16px;\">Promoci\u00f3nes v\u00e1lidas s\u00f3lo para planes de dominio NUEVO. por el tiempo que dure esta promoci\u00f3n y sujeta a disponibilidad de stock. Valores IVA incluido.<\/span><\/p><\/form>\n\n\n\n\n","protected":false},"excerpt":{"rendered":"","protected":false},"author":1,"featured_media":0,"parent":0,"menu_order":0,"comment_status":"closed","ping_status":"closed","template":"","meta":{"pagelayer_contact_templates":[],"_pagelayer_content":"","footnotes":""},"class_list":["post-162","page","type-page","status-publish","hentry"],"_links":{"self":[{"href":"https:\/\/hosting.inet.cl\/index.php?rest_route=\/wp\/v2\/pages\/162","targetHints":{"allow":["GET"]}}],"collection":[{"href":"https:\/\/hosting.inet.cl\/index.php?rest_route=\/wp\/v2\/pages"}],"about":[{"href":"https:\/\/hosting.inet.cl\/index.php?rest_route=\/wp\/v2\/types\/page"}],"author":[{"embeddable":true,"href":"https:\/\/hosting.inet.cl\/index.php?rest_route=\/wp\/v2\/users\/1"}],"replies":[{"embeddable":true,"href":"https:\/\/hosting.inet.cl\/index.php?rest_route=%2Fwp%2Fv2%2Fcomments&post=162"}],"version-history":[{"count":49,"href":"https:\/\/hosting.inet.cl\/index.php?rest_route=\/wp\/v2\/pages\/162\/revisions"}],"predecessor-version":[{"id":754,"href":"https:\/\/hosting.inet.cl\/index.php?rest_route=\/wp\/v2\/pages\/162\/revisions\/754"}],"wp:attachment":[{"href":"https:\/\/hosting.inet.cl\/index.php?rest_route=%2Fwp%2Fv2%2Fmedia&parent=162"}],"curies":[{"name":"wp","href":"https:\/\/api.w.org\/{rel}","templated":true}]}}