{"id":282,"date":"2023-04-15T06:12:18","date_gmt":"2023-04-15T09:12:18","guid":{"rendered":"https:\/\/hosting.inet.cl\/?page_id=282"},"modified":"2024-08-26T15:46:09","modified_gmt":"2024-08-26T18:46:09","slug":"dominios-internacionales","status":"publish","type":"page","link":"https:\/\/hosting.inet.cl\/?page_id=282","title":{"rendered":"Registro de Dominios"},"content":{"rendered":"\n\n\n<p style=\"color: rgb(0, 0, 0); font-family: &quot;Times New Roman&quot;; font-size: medium; text-align: center;\"><strong style=\"font-size: x-large;\">Dominios por US $25+IVA anual.<\/strong><\/p>\n<p style=\"color: rgb(0, 0, 0); font-family: &quot;Times New Roman&quot;; text-align: center;\"><strong style=\"font-size: x-large;\"><\/strong><span style=\"font-size: x-large;\"><span style=\"\">&nbsp;<\/span><span style=\"font-size:large;\"><span style=\"\">Incluye redirecciones Web + Email:&nbsp;<\/span><span style=\"\">www.SuEmpresa a cualquier p\u00e1gina web,<\/span>&nbsp;<span style=\"\">cualquiera@SuEmpresa a su email favorito.<\/span><\/span><span style=\"\"><\/span><\/span><span style=\"font-size: large;\"><\/span><\/p>\n<p style=\"color: rgb(0, 0, 0); font-family: &quot;Times New Roman&quot;; text-align: center;\"><strong><span style=\"font-size: large;\"><\/span><em style=\"font-size: large;\"><span style=\"font-size: x-large;\">Elija hoy mismo su dominio, antes que otro lo anticipe!<\/span><\/em><\/strong><\/p>\n<p style=\"color: rgb(0, 0, 0); font-family: &quot;Times New Roman&quot;; text-align: center;\"><em style=\"font-size: large;\"><strong><\/strong><\/em><span style=\"font-family: &quot;Comic Sans MS&quot;; font-size: x-large;\">Y si a\u00fan no tiene hosting para su dominio haga, aproveche alguna de nuestras ofertas y planes <a href=\"https:\/\/hosting.inet.cl\/\">AQUI MISMO<\/a>!<\/span><\/p>\n<p style=\"color: rgb(0, 0, 0); font-family: &quot;Times New Roman&quot;; font-size: large;\">*RED6 act\u00faa como intermediario en los tr\u00e1mites de inscripci\u00f3n y administraci\u00f3n del registro de nombres de dominios COM NET ORG etc. El nombre del dominio pertenece al cliente. Ver&nbsp;<a href=\"https:\/\/hosting.inet.cl\/?page_id=291\">Convenio de inscripci\u00f3n<\/a>. Una vez activado su nombre de dominio le enviaremos un e-mail de confirmaci\u00f3n (plazo normal 12hrs). Mientras no reciba nuestro e-mail de confirmaci\u00f3n su orden no est\u00e1 completa.&nbsp;<em>Si es primera vez que nos escribe revise nuestra respuesta en sus carpetas (Inbox, Spam, etc..).<\/em><\/p>\n<p><span style=\"font-size: x-large;\"><span style=\"color: rgb(0, 0, 0); font-family: &quot;Times New Roman&quot;;\">Verifique la disponibilidad del nombre que va a registrar,&nbsp;<\/span><em>antes de completar<\/em><span style=\"color: rgb(0, 0, 0); font-family: &quot;Times New Roman&quot;;\">&nbsp;el formulario siguiente. Recomendamos consultar en&nbsp;<\/span><a href=\"http:\/\/www.internic.net\/whois.html\" title=\"consultar .COM .NET .ORG\" style=\"font-family: &quot;Times New Roman&quot;; background-color: rgb(255, 255, 255);\">INTERNIC<\/a><span style=\"color: rgb(0, 0, 0); font-family: &quot;Times New Roman&quot;;\">&nbsp;(use bot\u00f3n Back de su navegador para volver).<\/span><\/span><\/p>\n\n\n\n<p style=\"font-size: x-large;\"><strong>REGISTRA TU DOMINIO (llenando el formulario a continuaci\u00f3n)<\/strong><\/p>\n\n\n<style id=\"wpforms-css-vars-469\">\n\t\t\t\t#wpforms-469 {\n\t\t\t\t\n\t\t\t}\n\t\t\t<\/style><div class=\"wpforms-container wpforms-container-full wpforms-render-modern\" id=\"wpforms-469\"><form id=\"wpforms-form-469\" class=\"wpforms-validate wpforms-form\" data-formid=\"469\" method=\"post\" enctype=\"multipart\/form-data\" action=\"\/index.php?rest_route=%2Fwp%2Fv2%2Fpages%2F282\" data-token=\"73ece025142d68a6cc3e4b5f848abbf7\" data-token-time=\"1776514450\"><noscript class=\"wpforms-error-noscript\">Por favor, activa JavaScript en tu navegador para completar este formulario.<\/noscript><div id=\"wpforms-error-noscript\" style=\"display: none;\">Por favor, activa JavaScript en tu navegador para completar este formulario.<\/div><div class=\"wpforms-field-container\"><div id=\"wpforms-469-field_1-container\" class=\"wpforms-field wpforms-field-text\" data-field-id=\"1\"><label class=\"wpforms-field-label\" for=\"wpforms-469-field_1\">Tu nombre <span class=\"wpforms-required-label\" aria-hidden=\"true\">*<\/span><\/label><input type=\"text\" id=\"wpforms-469-field_1\" class=\"wpforms-field-medium wpforms-field-required\" name=\"wpforms[fields][1]\" aria-errormessage=\"wpforms-469-field_1-error\" required><\/div><div id=\"wpforms-469-field_2-container\" class=\"wpforms-field wpforms-field-email\" data-field-id=\"2\"><label class=\"wpforms-field-label\" for=\"wpforms-469-field_2\">Tu correo electr\u00f3nico <span class=\"wpforms-required-label\" aria-hidden=\"true\">*<\/span><\/label><input type=\"email\" id=\"wpforms-469-field_2\" class=\"wpforms-field-medium wpforms-field-required\" name=\"wpforms[fields][2]\" spellcheck=\"false\" aria-errormessage=\"wpforms-469-field_2-error\" required><\/div><div id=\"wpforms-469-field_3-container\" class=\"wpforms-field wpforms-field-text\" data-field-id=\"3\"><label class=\"wpforms-field-label\" for=\"wpforms-469-field_3\">Asunto <span class=\"wpforms-required-label\" aria-hidden=\"true\">*<\/span><\/label><input type=\"text\" id=\"wpforms-469-field_3\" class=\"wpforms-field-medium wpforms-field-required\" name=\"wpforms[fields][3]\" aria-errormessage=\"wpforms-469-field_3-error\" required><\/div><div id=\"wpforms-469-field_4-container\" class=\"wpforms-field wpforms-field-text\" data-field-id=\"4\"><label class=\"wpforms-field-label\" for=\"wpforms-469-field_4\">Nombre del Dominio <span class=\"wpforms-required-label\" aria-hidden=\"true\">*<\/span><\/label><input type=\"text\" id=\"wpforms-469-field_4\" class=\"wpforms-field-medium wpforms-field-required\" name=\"wpforms[fields][4]\" aria-errormessage=\"wpforms-469-field_4-error\" aria-describedby=\"wpforms-469-field_4-description\" required><div id=\"wpforms-469-field_4-description\" class=\"wpforms-field-description\">(incluya extensi\u00f3n .COM o .NET o .ORG):<\/div><\/div><div id=\"wpforms-469-field_5-container\" class=\"wpforms-field wpforms-field-text\" data-field-id=\"5\"><label class=\"wpforms-field-label\" for=\"wpforms-469-field_5\">Organizaci\u00f3n due\u00f1a del nombre de dominio: <span class=\"wpforms-required-label\" aria-hidden=\"true\">*<\/span><\/label><input type=\"text\" id=\"wpforms-469-field_5\" class=\"wpforms-field-medium wpforms-field-required\" name=\"wpforms[fields][5]\" aria-errormessage=\"wpforms-469-field_5-error\" aria-describedby=\"wpforms-469-field_5-description\" required><div id=\"wpforms-469-field_5-description\" class=\"wpforms-field-description\">Si es una persona, escriba su nombre<\/div><\/div><div id=\"wpforms-469-field_6-container\" class=\"wpforms-field wpforms-field-text\" data-field-id=\"6\"><label class=\"wpforms-field-label\" for=\"wpforms-469-field_6\">Representante Legal de la Organizaci\u00f3n: <span class=\"wpforms-required-label\" aria-hidden=\"true\">*<\/span><\/label><input type=\"text\" id=\"wpforms-469-field_6\" class=\"wpforms-field-medium wpforms-field-required\" name=\"wpforms[fields][6]\" aria-errormessage=\"wpforms-469-field_6-error\" aria-describedby=\"wpforms-469-field_6-description\" required><div id=\"wpforms-469-field_6-description\" class=\"wpforms-field-description\">Si es una persona, escriba nuevamente su nombre<\/div><\/div><div id=\"wpforms-469-field_7-container\" class=\"wpforms-field wpforms-field-text\" data-field-id=\"7\"><label class=\"wpforms-field-label\" for=\"wpforms-469-field_7\">Direcci\u00f3n de la Organizaci\u00f3n: <span class=\"wpforms-required-label\" aria-hidden=\"true\">*<\/span><\/label><input type=\"text\" id=\"wpforms-469-field_7\" class=\"wpforms-field-medium wpforms-field-required\" name=\"wpforms[fields][7]\" aria-errormessage=\"wpforms-469-field_7-error\" required><\/div><div id=\"wpforms-469-field_8-container\" class=\"wpforms-field wpforms-field-text\" data-field-id=\"8\"><label class=\"wpforms-field-label\" for=\"wpforms-469-field_8\">Comuna: <span class=\"wpforms-required-label\" aria-hidden=\"true\">*<\/span><\/label><input type=\"text\" id=\"wpforms-469-field_8\" class=\"wpforms-field-medium wpforms-field-required\" name=\"wpforms[fields][8]\" aria-errormessage=\"wpforms-469-field_8-error\" required><\/div><div id=\"wpforms-469-field_9-container\" class=\"wpforms-field wpforms-field-text\" data-field-id=\"9\"><label class=\"wpforms-field-label\" for=\"wpforms-469-field_9\">C\u00f3digo postal:<\/label><input type=\"text\" id=\"wpforms-469-field_9\" class=\"wpforms-field-medium\" name=\"wpforms[fields][9]\" aria-errormessage=\"wpforms-469-field_9-error\" ><\/div><div id=\"wpforms-469-field_10-container\" class=\"wpforms-field wpforms-field-text\" data-field-id=\"10\"><label class=\"wpforms-field-label\" for=\"wpforms-469-field_10\">Ciudad: <span class=\"wpforms-required-label\" aria-hidden=\"true\">*<\/span><\/label><input type=\"text\" id=\"wpforms-469-field_10\" class=\"wpforms-field-medium wpforms-field-required\" name=\"wpforms[fields][10]\" aria-errormessage=\"wpforms-469-field_10-error\" required><\/div><div id=\"wpforms-469-field_11-container\" class=\"wpforms-field wpforms-field-text\" data-field-id=\"11\"><label class=\"wpforms-field-label\" for=\"wpforms-469-field_11\">Pais: <span class=\"wpforms-required-label\" aria-hidden=\"true\">*<\/span><\/label><input type=\"text\" id=\"wpforms-469-field_11\" class=\"wpforms-field-medium wpforms-field-required\" name=\"wpforms[fields][11]\" aria-errormessage=\"wpforms-469-field_11-error\" required><\/div><div id=\"wpforms-469-field_12-container\" class=\"wpforms-field wpforms-field-text\" data-field-id=\"12\"><label class=\"wpforms-field-label\" for=\"wpforms-469-field_12\">Nombre del contacto:<\/label><input type=\"text\" id=\"wpforms-469-field_12\" class=\"wpforms-field-medium\" name=\"wpforms[fields][12]\" aria-errormessage=\"wpforms-469-field_12-error\" ><\/div><div id=\"wpforms-469-field_13-container\" class=\"wpforms-field wpforms-field-text\" data-field-id=\"13\"><label class=\"wpforms-field-label\" for=\"wpforms-469-field_13\">Organizaci\u00f3n:<\/label><input type=\"text\" id=\"wpforms-469-field_13\" class=\"wpforms-field-medium\" name=\"wpforms[fields][13]\" aria-errormessage=\"wpforms-469-field_13-error\" ><\/div><div id=\"wpforms-469-field_14-container\" class=\"wpforms-field wpforms-field-text\" data-field-id=\"14\"><label class=\"wpforms-field-label\" for=\"wpforms-469-field_14\">Direcci\u00f3n:<\/label><input type=\"text\" id=\"wpforms-469-field_14\" class=\"wpforms-field-medium\" name=\"wpforms[fields][14]\" aria-errormessage=\"wpforms-469-field_14-error\" ><\/div><div id=\"wpforms-469-field_15-container\" class=\"wpforms-field wpforms-field-text\" data-field-id=\"15\"><label class=\"wpforms-field-label\" for=\"wpforms-469-field_15\">Fono:<\/label><input type=\"text\" id=\"wpforms-469-field_15\" class=\"wpforms-field-medium\" name=\"wpforms[fields][15]\" aria-errormessage=\"wpforms-469-field_15-error\" ><\/div><div id=\"wpforms-469-field_16-container\" class=\"wpforms-field wpforms-field-text\" data-field-id=\"16\"><label class=\"wpforms-field-label\" for=\"wpforms-469-field_16\">DNS primario: hostname:<\/label><input type=\"text\" id=\"wpforms-469-field_16\" class=\"wpforms-field-medium\" name=\"wpforms[fields][16]\" aria-errormessage=\"wpforms-469-field_16-error\" aria-describedby=\"wpforms-469-field_16-description\" ><div id=\"wpforms-469-field_16-description\" class=\"wpforms-field-description\">Necesita a lo menos 2 servidores de nombres (DNS) que respondan sobre su dominio (Si a\u00fan no tiene DNS deje los espacios en blanco y se asignar\u00e1n autom\u00e1ticamente nuestros DNS. Cuando tenga los DNS puede reemplazar a los nuestros usando la interfaz de modificaciones):<\/div><\/div><div id=\"wpforms-469-field_17-container\" class=\"wpforms-field wpforms-field-text\" data-field-id=\"17\"><label class=\"wpforms-field-label\" for=\"wpforms-469-field_17\">DNS1 (n\u00famero IP):<\/label><input type=\"text\" id=\"wpforms-469-field_17\" class=\"wpforms-field-medium\" name=\"wpforms[fields][17]\" aria-errormessage=\"wpforms-469-field_17-error\" ><\/div><div id=\"wpforms-469-field_18-container\" class=\"wpforms-field wpforms-field-text\" data-field-id=\"18\"><label class=\"wpforms-field-label\" for=\"wpforms-469-field_18\">Hostname2:<\/label><input type=\"text\" id=\"wpforms-469-field_18\" class=\"wpforms-field-medium\" name=\"wpforms[fields][18]\" aria-errormessage=\"wpforms-469-field_18-error\" ><\/div><div id=\"wpforms-469-field_19-container\" class=\"wpforms-field wpforms-field-text\" data-field-id=\"19\"><label class=\"wpforms-field-label\" for=\"wpforms-469-field_19\">DNS2 (n\u00famero IP):<\/label><input type=\"text\" id=\"wpforms-469-field_19\" class=\"wpforms-field-medium\" name=\"wpforms[fields][19]\" aria-errormessage=\"wpforms-469-field_19-error\" ><\/div><div id=\"wpforms-469-field_20-container\" class=\"wpforms-field wpforms-field-text\" data-field-id=\"20\"><label class=\"wpforms-field-label\" for=\"wpforms-469-field_20\">Hostname3:<\/label><input type=\"text\" id=\"wpforms-469-field_20\" class=\"wpforms-field-medium\" name=\"wpforms[fields][20]\" aria-errormessage=\"wpforms-469-field_20-error\" ><\/div><div id=\"wpforms-469-field_21-container\" class=\"wpforms-field wpforms-field-text\" data-field-id=\"21\"><label class=\"wpforms-field-label\" for=\"wpforms-469-field_21\">DNS3 (n\u00famero IP):<\/label><input type=\"text\" id=\"wpforms-469-field_21\" class=\"wpforms-field-medium\" name=\"wpforms[fields][21]\" aria-errormessage=\"wpforms-469-field_21-error\" ><\/div><div id=\"wpforms-469-field_22-container\" class=\"wpforms-field wpforms-field-text\" data-field-id=\"22\"><label class=\"wpforms-field-label\" for=\"wpforms-469-field_22\">Hostname4:<\/label><input type=\"text\" id=\"wpforms-469-field_22\" class=\"wpforms-field-medium\" name=\"wpforms[fields][22]\" aria-errormessage=\"wpforms-469-field_22-error\" ><\/div><div id=\"wpforms-469-field_23-container\" class=\"wpforms-field wpforms-field-text\" data-field-id=\"23\"><label class=\"wpforms-field-label\" for=\"wpforms-469-field_23\">DNS4 (n\u00famero IP):<\/label><input type=\"text\" id=\"wpforms-469-field_23\" class=\"wpforms-field-medium\" name=\"wpforms[fields][23]\" aria-errormessage=\"wpforms-469-field_23-error\" ><\/div><div id=\"wpforms-469-field_24-container\" class=\"wpforms-field wpforms-field-text\" data-field-id=\"24\"><label class=\"wpforms-field-label\" for=\"wpforms-469-field_24\">Hostname5<\/label><input type=\"text\" id=\"wpforms-469-field_24\" class=\"wpforms-field-medium\" name=\"wpforms[fields][24]\" aria-errormessage=\"wpforms-469-field_24-error\" ><\/div><div id=\"wpforms-469-field_25-container\" class=\"wpforms-field wpforms-field-text\" data-field-id=\"25\"><label class=\"wpforms-field-label\" for=\"wpforms-469-field_25\">DNS5 (n\u00famero IP)<\/label><input type=\"text\" id=\"wpforms-469-field_25\" class=\"wpforms-field-medium\" name=\"wpforms[fields][25]\" aria-errormessage=\"wpforms-469-field_25-error\" ><\/div><div id=\"wpforms-469-field_26-container\" class=\"wpforms-field wpforms-field-text\" data-field-id=\"26\"><label class=\"wpforms-field-label\" for=\"wpforms-469-field_26\">Redirecci\u00f3n de URL: www.SuDominio -----&gt;:<\/label><input type=\"text\" id=\"wpforms-469-field_26\" class=\"wpforms-field-medium\" name=\"wpforms[fields][26]\" aria-errormessage=\"wpforms-469-field_26-error\" aria-describedby=\"wpforms-469-field_26-description\" ><div id=\"wpforms-469-field_26-description\" class=\"wpforms-field-description\">Opcionales Gratuitos (s\u00f3lo con nuestros DNS, debe dejar en blanco los anteriores)\r\n(le permite usar cualquier sitio\/p\u00e1gina web que usted tenga)<\/div><\/div><div id=\"wpforms-469-field_27-container\" class=\"wpforms-field wpforms-field-email\" data-field-id=\"27\"><label class=\"wpforms-field-label\" for=\"wpforms-469-field_27\">Redirecci\u00f3n de correo: email@SuDominio ---&gt;:<\/label><input type=\"email\" id=\"wpforms-469-field_27\" class=\"wpforms-field-medium\" name=\"wpforms[fields][27]\" spellcheck=\"false\" aria-errormessage=\"wpforms-469-field_27-error\" aria-describedby=\"wpforms-469-field_27-description\" ><div id=\"wpforms-469-field_27-description\" class=\"wpforms-field-description\">(cualquier email que se env\u00ede a su dominio llegara a esta cuenta email)<\/div><\/div><div id=\"wpforms-469-field_28-container\" class=\"wpforms-field wpforms-field-text\" data-field-id=\"28\"><label class=\"wpforms-field-label\" for=\"wpforms-469-field_28\">Rut:<\/label><input type=\"text\" id=\"wpforms-469-field_28\" class=\"wpforms-field-medium\" name=\"wpforms[fields][28]\" aria-errormessage=\"wpforms-469-field_28-error\" aria-describedby=\"wpforms-469-field_28-description\" ><div id=\"wpforms-469-field_28-description\" class=\"wpforms-field-description\">Informaci\u00f3n para emisi\u00f3n de la Factura (obligatorio para entidades chilenas)<\/div><\/div><div id=\"wpforms-469-field_29-container\" class=\"wpforms-field wpforms-field-text\" data-field-id=\"29\"><label class=\"wpforms-field-label\" for=\"wpforms-469-field_29\">Raz\u00f3n social:<\/label><input type=\"text\" id=\"wpforms-469-field_29\" class=\"wpforms-field-medium\" name=\"wpforms[fields][29]\" aria-errormessage=\"wpforms-469-field_29-error\" ><\/div><div id=\"wpforms-469-field_30-container\" class=\"wpforms-field wpforms-field-text\" data-field-id=\"30\"><label class=\"wpforms-field-label\" for=\"wpforms-469-field_30\">Giro:<\/label><input type=\"text\" id=\"wpforms-469-field_30\" class=\"wpforms-field-medium\" name=\"wpforms[fields][30]\" aria-errormessage=\"wpforms-469-field_30-error\" ><\/div><div id=\"wpforms-469-field_31-container\" class=\"wpforms-field wpforms-field-text\" data-field-id=\"31\"><label class=\"wpforms-field-label\" for=\"wpforms-469-field_31\">Direcci\u00f3n:<\/label><input type=\"text\" id=\"wpforms-469-field_31\" class=\"wpforms-field-medium\" name=\"wpforms[fields][31]\" aria-errormessage=\"wpforms-469-field_31-error\" ><\/div><div id=\"wpforms-469-field_32-container\" class=\"wpforms-field wpforms-field-text\" data-field-id=\"32\"><label class=\"wpforms-field-label\" for=\"wpforms-469-field_32\"> Comuna:<\/label><input type=\"text\" id=\"wpforms-469-field_32\" class=\"wpforms-field-medium\" name=\"wpforms[fields][32]\" aria-errormessage=\"wpforms-469-field_32-error\" ><\/div><div id=\"wpforms-469-field_33-container\" class=\"wpforms-field wpforms-field-text\" data-field-id=\"33\"><label class=\"wpforms-field-label\" for=\"wpforms-469-field_33\">C\u00f3digo Postal:<\/label><input type=\"text\" id=\"wpforms-469-field_33\" class=\"wpforms-field-medium\" name=\"wpforms[fields][33]\" aria-errormessage=\"wpforms-469-field_33-error\" ><\/div><div id=\"wpforms-469-field_34-container\" class=\"wpforms-field wpforms-field-text\" data-field-id=\"34\"><label class=\"wpforms-field-label\" for=\"wpforms-469-field_34\">Tel\u00e9fono:<\/label><input type=\"text\" id=\"wpforms-469-field_34\" class=\"wpforms-field-medium\" name=\"wpforms[fields][34]\" aria-errormessage=\"wpforms-469-field_34-error\" ><\/div><div id=\"wpforms-469-field_35-container\" class=\"wpforms-field wpforms-field-text\" data-field-id=\"35\"><label class=\"wpforms-field-label\" for=\"wpforms-469-field_35\">Ciudad:<\/label><input type=\"text\" id=\"wpforms-469-field_35\" class=\"wpforms-field-medium\" name=\"wpforms[fields][35]\" aria-errormessage=\"wpforms-469-field_35-error\" ><\/div><div id=\"wpforms-469-field_36-container\" class=\"wpforms-field wpforms-field-select wpforms-field-select-style-classic\" data-field-id=\"36\"><label class=\"wpforms-field-label\" for=\"wpforms-469-field_36\">Plan de hosting<\/label><select id=\"wpforms-469-field_36\" class=\"wpforms-field-medium\" name=\"wpforms[fields][36]\"><option value=\"\" class=\"placeholder\" disabled  selected='selected'>---<\/option><option value=\"U60\"  class=\"choice-0 depth-1\"  >U60<\/option><option value=\"U120\"  class=\"choice-1 depth-1\"  >U120<\/option><option value=\"U500\"  class=\"choice-2 depth-1\"  >U500<\/option><option value=\"U1000\"  class=\"choice-3 depth-1\"  >U1000<\/option><option value=\"U2000\"  class=\"choice-4 depth-1\"  >U2000<\/option><option value=\"U4000\"  class=\"choice-5 depth-1\"  >U4000<\/option><option value=\"Ilimitado\"  class=\"choice-10 depth-1\"  >Ilimitado<\/option><option value=\"Ilimitado PLUS\"  class=\"choice-11 depth-1\"  >Ilimitado PLUS<\/option><option value=\"Ilimitado PREMIUM\"  class=\"choice-12 depth-1\"  >Ilimitado PREMIUM<\/option><option value=\"Business\"  class=\"choice-13 depth-1\"  >Business<\/option><option value=\"Business PLUS\"  class=\"choice-14 depth-1\"  >Business PLUS<\/option><option value=\"Business PREMIUM\"  class=\"choice-15 depth-1\"  >Business PREMIUM<\/option><option value=\"Web gratis (desde U500)\"  class=\"choice-6 depth-1\"  >Web gratis (desde U500)<\/option><option value=\"segundo a\u00f1o gratis (hasta U1000)\"  class=\"choice-7 depth-1\"  >segundo a\u00f1o gratis (hasta U1000)<\/option><option value=\"doble espacio (hasta U1000)\"  class=\"choice-8 depth-1\"  >doble espacio (hasta U1000)<\/option><option value=\"Prueba gratis (hasta U120)\"  class=\"choice-9 depth-1\"  >Prueba gratis (hasta U120)<\/option><\/select><div id=\"wpforms-469-field_36-description\" class=\"wpforms-field-description\">Desea contratar servicio de hosting? Aproveche de nuestras promociones y planes.<\/div><\/div><div id=\"wpforms-469-field_37-container\" class=\"wpforms-field wpforms-field-textarea\" data-field-id=\"37\"><label class=\"wpforms-field-label\" for=\"wpforms-469-field_37\">Tu mensaje (opcional)<\/label><textarea id=\"wpforms-469-field_37\" class=\"wpforms-field-medium\" name=\"wpforms[fields][37]\" aria-errormessage=\"wpforms-469-field_37-error\" ><\/textarea><\/div><\/div><!-- .wpforms-field-container --><div class=\"wpforms-recaptcha-container wpforms-is-recaptcha wpforms-is-recaptcha-type-v2\" ><div class=\"g-recaptcha\" data-sitekey=\"6LfxYgkqAAAAAC4z4pspI4gNBhCkUYfLjdCqckMB\"><\/div><input type=\"text\" name=\"g-recaptcha-hidden\" class=\"wpforms-recaptcha-hidden\" style=\"position:absolute!important;clip:rect(0,0,0,0)!important;height:1px!important;width:1px!important;border:0!important;overflow:hidden!important;padding:0!important;margin:0!important;\" data-rule-recaptcha=\"1\"><\/div><div class=\"wpforms-submit-container\" ><input type=\"hidden\" name=\"wpforms[id]\" value=\"469\"><input type=\"hidden\" name=\"page_title\" value=\"\"><input type=\"hidden\" name=\"page_url\" value=\"https:\/\/hosting.inet.cl\/index.php?rest_route=\/wp\/v2\/pages\/282\"><input type=\"hidden\" name=\"url_referer\" value=\"\"><button type=\"submit\" name=\"wpforms[submit]\" id=\"wpforms-submit-469\" class=\"wpforms-submit\" data-alt-text=\"Enviando\" data-submit-text=\"Enviar\" aria-live=\"assertive\" value=\"wpforms-submit\">Enviar<\/button><\/div><\/form><\/div>  <!-- .wpforms-container -->\n\n\n\n","protected":false},"excerpt":{"rendered":"","protected":false},"author":1,"featured_media":0,"parent":0,"menu_order":0,"comment_status":"closed","ping_status":"closed","template":"","meta":{"pagelayer_contact_templates":[],"_pagelayer_content":"","footnotes":""},"class_list":["post-282","page","type-page","status-publish","hentry"],"_links":{"self":[{"href":"https:\/\/hosting.inet.cl\/index.php?rest_route=\/wp\/v2\/pages\/282","targetHints":{"allow":["GET"]}}],"collection":[{"href":"https:\/\/hosting.inet.cl\/index.php?rest_route=\/wp\/v2\/pages"}],"about":[{"href":"https:\/\/hosting.inet.cl\/index.php?rest_route=\/wp\/v2\/types\/page"}],"author":[{"embeddable":true,"href":"https:\/\/hosting.inet.cl\/index.php?rest_route=\/wp\/v2\/users\/1"}],"replies":[{"embeddable":true,"href":"https:\/\/hosting.inet.cl\/index.php?rest_route=%2Fwp%2Fv2%2Fcomments&post=282"}],"version-history":[{"count":36,"href":"https:\/\/hosting.inet.cl\/index.php?rest_route=\/wp\/v2\/pages\/282\/revisions"}],"predecessor-version":[{"id":894,"href":"https:\/\/hosting.inet.cl\/index.php?rest_route=\/wp\/v2\/pages\/282\/revisions\/894"}],"wp:attachment":[{"href":"https:\/\/hosting.inet.cl\/index.php?rest_route=%2Fwp%2Fv2%2Fmedia&parent=282"}],"curies":[{"name":"wp","href":"https:\/\/api.w.org\/{rel}","templated":true}]}}