{"id":344,"date":"2023-04-18T20:27:46","date_gmt":"2023-04-18T20:27:46","guid":{"rendered":"https:\/\/hosting.inet.cl\/?page_id=344"},"modified":"2023-05-22T12:33:16","modified_gmt":"2023-05-22T12:33:16","slug":"modificacion-registro","status":"publish","type":"page","link":"https:\/\/hosting.inet.cl\/?page_id=344","title":{"rendered":"Modificaci\u00f3n registro"},"content":{"rendered":"\n\n\n<p style=\"text-align: center;\"><span style=\"color: rgb(0, 0, 0); font-family: &quot;Times New Roman&quot;; font-size: x-large;\">Formulario de Modificaci\u00f3n de Dominios .COM .NET .ORG<\/span><br><\/p>\n<style id=\"wpforms-css-vars-471\">\n\t\t\t\t#wpforms-471 {\n\t\t\t\t\n\t\t\t}\n\t\t\t<\/style><div class=\"wpforms-container wpforms-container-full wpforms-render-modern\" id=\"wpforms-471\"><form id=\"wpforms-form-471\" class=\"wpforms-validate wpforms-form\" data-formid=\"471\" method=\"post\" enctype=\"multipart\/form-data\" action=\"\/index.php?rest_route=%2Fwp%2Fv2%2Fpages%2F344\" data-token=\"46701d9dd9a035e84edf653a83abec9d\" data-token-time=\"1776519540\"><noscript class=\"wpforms-error-noscript\">Por favor, activa JavaScript en tu navegador para completar este formulario.<\/noscript><div id=\"wpforms-error-noscript\" style=\"display: none;\">Por favor, activa JavaScript en tu navegador para completar este formulario.<\/div><div class=\"wpforms-field-container\"><div id=\"wpforms-471-field_1-container\" class=\"wpforms-field wpforms-field-text\" data-field-id=\"1\"><label class=\"wpforms-field-label\" for=\"wpforms-471-field_1\">Tu nombre <span class=\"wpforms-required-label\" aria-hidden=\"true\">*<\/span><\/label><input type=\"text\" id=\"wpforms-471-field_1\" class=\"wpforms-field-medium wpforms-field-required\" name=\"wpforms[fields][1]\" aria-errormessage=\"wpforms-471-field_1-error\" required><\/div><div id=\"wpforms-471-field_2-container\" class=\"wpforms-field wpforms-field-email\" data-field-id=\"2\"><label class=\"wpforms-field-label\" for=\"wpforms-471-field_2\">Tu correo electr\u00f3nico <span class=\"wpforms-required-label\" aria-hidden=\"true\">*<\/span><\/label><input type=\"email\" id=\"wpforms-471-field_2\" class=\"wpforms-field-medium wpforms-field-required\" name=\"wpforms[fields][2]\" spellcheck=\"false\" aria-errormessage=\"wpforms-471-field_2-error\" aria-describedby=\"wpforms-471-field_2-description\" required><div id=\"wpforms-471-field_2-description\" class=\"wpforms-field-description\">(esta direcci\u00f3n e-mail debe corresponder a una cuenta vigente)<\/div><\/div><div id=\"wpforms-471-field_3-container\" class=\"wpforms-field wpforms-field-text\" data-field-id=\"3\"><label class=\"wpforms-field-label\" for=\"wpforms-471-field_3\">Clave <span class=\"wpforms-required-label\" aria-hidden=\"true\">*<\/span><\/label><input type=\"text\" id=\"wpforms-471-field_3\" class=\"wpforms-field-medium wpforms-field-required\" name=\"wpforms[fields][3]\" aria-errormessage=\"wpforms-471-field_3-error\" aria-describedby=\"wpforms-471-field_3-description\" required><div id=\"wpforms-471-field_3-description\" class=\"wpforms-field-description\">(ingresar clave enviada por e-mail. o solicitarla a mdominios@inet.cl)<\/div><\/div><div id=\"wpforms-471-field_4-container\" class=\"wpforms-field wpforms-field-text\" data-field-id=\"4\"><label class=\"wpforms-field-label\" for=\"wpforms-471-field_4\">Nombre del Dominio (Ej: inet.cl) <span class=\"wpforms-required-label\" aria-hidden=\"true\">*<\/span><\/label><input type=\"text\" id=\"wpforms-471-field_4\" class=\"wpforms-field-medium wpforms-field-required\" name=\"wpforms[fields][4]\" aria-errormessage=\"wpforms-471-field_4-error\" aria-describedby=\"wpforms-471-field_4-description\" required><div id=\"wpforms-471-field_4-description\" class=\"wpforms-field-description\"> (incluya extensi\u00f3n .COM o .NET o .ORG)<\/div><\/div><div id=\"wpforms-471-field_5-container\" class=\"wpforms-field wpforms-field-text\" data-field-id=\"5\"><label class=\"wpforms-field-label\" for=\"wpforms-471-field_5\">Hostname1, DNS Primario (opcional)<\/label><input type=\"text\" id=\"wpforms-471-field_5\" class=\"wpforms-field-medium\" name=\"wpforms[fields][5]\" aria-errormessage=\"wpforms-471-field_5-error\" aria-describedby=\"wpforms-471-field_5-description\" ><div id=\"wpforms-471-field_5-description\" class=\"wpforms-field-description\">Necesita a lo menos 2 servidores de nombres (DNS) que respondan sobre su dominio (Si a\u00fan no tiene DNS deje los espacios en blanco y se asignar\u00e1n autom\u00e1ticamente nuestros DNS. Cuando tenga los DNS puede reemplazar a los nuestros usando la interfaz de modificaciones):<\/div><\/div><div id=\"wpforms-471-field_6-container\" class=\"wpforms-field wpforms-field-text\" data-field-id=\"6\"><label class=\"wpforms-field-label\" for=\"wpforms-471-field_6\">DNS1 (opcional)<\/label><input type=\"text\" id=\"wpforms-471-field_6\" class=\"wpforms-field-medium\" name=\"wpforms[fields][6]\" aria-errormessage=\"wpforms-471-field_6-error\" ><\/div><div id=\"wpforms-471-field_7-container\" class=\"wpforms-field wpforms-field-text\" data-field-id=\"7\"><label class=\"wpforms-field-label\" for=\"wpforms-471-field_7\">Hostname2, DNS secundario (opcional)<\/label><input type=\"text\" id=\"wpforms-471-field_7\" class=\"wpforms-field-medium\" name=\"wpforms[fields][7]\" aria-errormessage=\"wpforms-471-field_7-error\" ><\/div><div id=\"wpforms-471-field_8-container\" class=\"wpforms-field wpforms-field-text\" data-field-id=\"8\"><label class=\"wpforms-field-label\" for=\"wpforms-471-field_8\">DNS2 (opcional)<\/label><input type=\"text\" id=\"wpforms-471-field_8\" class=\"wpforms-field-medium\" name=\"wpforms[fields][8]\" aria-errormessage=\"wpforms-471-field_8-error\" ><\/div><div id=\"wpforms-471-field_9-container\" class=\"wpforms-field wpforms-field-text\" data-field-id=\"9\"><label class=\"wpforms-field-label\" for=\"wpforms-471-field_9\">Hostname3 (opcional)<\/label><input type=\"text\" id=\"wpforms-471-field_9\" class=\"wpforms-field-medium\" name=\"wpforms[fields][9]\" aria-errormessage=\"wpforms-471-field_9-error\" aria-describedby=\"wpforms-471-field_9-description\" ><div id=\"wpforms-471-field_9-description\" class=\"wpforms-field-description\">Otros DNS (dejar en blanco si no existen)<\/div><\/div><div id=\"wpforms-471-field_10-container\" class=\"wpforms-field wpforms-field-text\" data-field-id=\"10\"><label class=\"wpforms-field-label\" for=\"wpforms-471-field_10\">DNS3 (opcional)<\/label><input type=\"text\" id=\"wpforms-471-field_10\" class=\"wpforms-field-medium\" name=\"wpforms[fields][10]\" aria-errormessage=\"wpforms-471-field_10-error\" ><\/div><div id=\"wpforms-471-field_11-container\" class=\"wpforms-field wpforms-field-text\" data-field-id=\"11\"><label class=\"wpforms-field-label\" for=\"wpforms-471-field_11\">Hostname4 (opcional)<\/label><input type=\"text\" id=\"wpforms-471-field_11\" class=\"wpforms-field-medium\" name=\"wpforms[fields][11]\" aria-errormessage=\"wpforms-471-field_11-error\" ><\/div><div id=\"wpforms-471-field_12-container\" class=\"wpforms-field wpforms-field-text\" data-field-id=\"12\"><label class=\"wpforms-field-label\" for=\"wpforms-471-field_12\">DNS4 (opcional)<\/label><input type=\"text\" id=\"wpforms-471-field_12\" class=\"wpforms-field-medium\" name=\"wpforms[fields][12]\" aria-errormessage=\"wpforms-471-field_12-error\" ><\/div><div id=\"wpforms-471-field_13-container\" class=\"wpforms-field wpforms-field-text\" data-field-id=\"13\"><label class=\"wpforms-field-label\" for=\"wpforms-471-field_13\">Hostname5 (opcional)<\/label><input type=\"text\" id=\"wpforms-471-field_13\" class=\"wpforms-field-medium\" name=\"wpforms[fields][13]\" aria-errormessage=\"wpforms-471-field_13-error\" ><\/div><div id=\"wpforms-471-field_14-container\" class=\"wpforms-field wpforms-field-text\" data-field-id=\"14\"><label class=\"wpforms-field-label\" for=\"wpforms-471-field_14\">DNS5 (opcional)<\/label><input type=\"text\" id=\"wpforms-471-field_14\" class=\"wpforms-field-medium\" name=\"wpforms[fields][14]\" aria-errormessage=\"wpforms-471-field_14-error\" ><\/div><div id=\"wpforms-471-field_15-container\" class=\"wpforms-field wpforms-field-text\" data-field-id=\"15\"><label class=\"wpforms-field-label\" for=\"wpforms-471-field_15\">Redirecci\u00f3n web (Redirecci\u00f3n de URL: www.SuDominio -----&gt;):<\/label><input type=\"text\" id=\"wpforms-471-field_15\" class=\"wpforms-field-medium\" name=\"wpforms[fields][15]\" aria-errormessage=\"wpforms-471-field_15-error\" aria-describedby=\"wpforms-471-field_15-description\" ><div id=\"wpforms-471-field_15-description\" class=\"wpforms-field-description\">Opcionales Gratuitos (s\u00f3lo con nuestros DNS, debe dejar en blanco los anteriores)\r\n(le permite usar cualquier sitio\/p\u00e1gina web que usted tenga)<\/div><\/div><div id=\"wpforms-471-field_16-container\" class=\"wpforms-field wpforms-field-email\" data-field-id=\"16\"><label class=\"wpforms-field-label\" for=\"wpforms-471-field_16\">Redirecci\u00f3n email (Redirecci\u00f3n de correo: email@SuDominio ---&gt;):<\/label><input type=\"email\" id=\"wpforms-471-field_16\" class=\"wpforms-field-medium\" name=\"wpforms[fields][16]\" spellcheck=\"false\" aria-errormessage=\"wpforms-471-field_16-error\" aria-describedby=\"wpforms-471-field_16-description\" ><div id=\"wpforms-471-field_16-description\" class=\"wpforms-field-description\">(le permite usar cualquier sitio\/p\u00e1gina web que usted tenga)\r\nRedirecci\u00f3n de correo: email@SuDominio ---><\/div><\/div><div id=\"wpforms-471-field_17-container\" class=\"wpforms-field wpforms-field-text\" data-field-id=\"17\"><label class=\"wpforms-field-label\" for=\"wpforms-471-field_17\">Organizaci\u00f3n due\u00f1a del nombre de dominio (Si es una persona, escriba su nombre):<\/label><input type=\"text\" id=\"wpforms-471-field_17\" class=\"wpforms-field-medium\" name=\"wpforms[fields][17]\" aria-errormessage=\"wpforms-471-field_17-error\" aria-describedby=\"wpforms-471-field_17-description\" ><div id=\"wpforms-471-field_17-description\" class=\"wpforms-field-description\">Llene los campos siguientes s\u00f3lo si hay cambios con respecto a los ingresados originalmente:<\/div><\/div><div id=\"wpforms-471-field_18-container\" class=\"wpforms-field wpforms-field-text\" data-field-id=\"18\"><label class=\"wpforms-field-label\" for=\"wpforms-471-field_18\">Representante Legal de la Organizaci\u00f3n:<\/label><input type=\"text\" id=\"wpforms-471-field_18\" class=\"wpforms-field-medium\" name=\"wpforms[fields][18]\" aria-errormessage=\"wpforms-471-field_18-error\" aria-describedby=\"wpforms-471-field_18-description\" ><div id=\"wpforms-471-field_18-description\" class=\"wpforms-field-description\">Representante Legal de la Organizaci\u00f3n (Si es una persona, escriba nuevamente su nombre):<\/div><\/div><div id=\"wpforms-471-field_19-container\" class=\"wpforms-field wpforms-field-text\" data-field-id=\"19\"><label class=\"wpforms-field-label\" for=\"wpforms-471-field_19\">Direcci\u00f3n de la Organizaci\u00f3n:<\/label><input type=\"text\" id=\"wpforms-471-field_19\" class=\"wpforms-field-medium\" name=\"wpforms[fields][19]\" aria-errormessage=\"wpforms-471-field_19-error\" ><\/div><div id=\"wpforms-471-field_20-container\" class=\"wpforms-field wpforms-field-text\" data-field-id=\"20\"><label class=\"wpforms-field-label\" for=\"wpforms-471-field_20\">Comuna:<\/label><input type=\"text\" id=\"wpforms-471-field_20\" class=\"wpforms-field-medium\" name=\"wpforms[fields][20]\" aria-errormessage=\"wpforms-471-field_20-error\" ><\/div><div id=\"wpforms-471-field_21-container\" class=\"wpforms-field wpforms-field-text\" data-field-id=\"21\"><label class=\"wpforms-field-label\" for=\"wpforms-471-field_21\">C\u00f3digo postal (ZIP):<\/label><input type=\"text\" id=\"wpforms-471-field_21\" class=\"wpforms-field-medium\" name=\"wpforms[fields][21]\" aria-errormessage=\"wpforms-471-field_21-error\" ><\/div><div id=\"wpforms-471-field_22-container\" class=\"wpforms-field wpforms-field-text\" data-field-id=\"22\"><label class=\"wpforms-field-label\" for=\"wpforms-471-field_22\">Ciudad:<\/label><input type=\"text\" id=\"wpforms-471-field_22\" class=\"wpforms-field-medium\" name=\"wpforms[fields][22]\" aria-errormessage=\"wpforms-471-field_22-error\" ><\/div><div id=\"wpforms-471-field_23-container\" class=\"wpforms-field wpforms-field-text\" data-field-id=\"23\"><label class=\"wpforms-field-label\" for=\"wpforms-471-field_23\">Pais:<\/label><input type=\"text\" id=\"wpforms-471-field_23\" class=\"wpforms-field-medium\" name=\"wpforms[fields][23]\" aria-errormessage=\"wpforms-471-field_23-error\" ><\/div><div id=\"wpforms-471-field_24-container\" class=\"wpforms-field wpforms-field-text\" data-field-id=\"24\"><label class=\"wpforms-field-label\" for=\"wpforms-471-field_24\">Nonbre del contacto:<\/label><input type=\"text\" id=\"wpforms-471-field_24\" class=\"wpforms-field-medium\" name=\"wpforms[fields][24]\" aria-errormessage=\"wpforms-471-field_24-error\" ><\/div><div id=\"wpforms-471-field_25-container\" class=\"wpforms-field wpforms-field-text\" data-field-id=\"25\"><label class=\"wpforms-field-label\" for=\"wpforms-471-field_25\">Organizaci\u00f3n:<\/label><input type=\"text\" id=\"wpforms-471-field_25\" class=\"wpforms-field-medium\" name=\"wpforms[fields][25]\" aria-errormessage=\"wpforms-471-field_25-error\" ><\/div><div id=\"wpforms-471-field_26-container\" class=\"wpforms-field wpforms-field-text\" data-field-id=\"26\"><label class=\"wpforms-field-label\" for=\"wpforms-471-field_26\">Direcci\u00f3n:<\/label><input type=\"text\" id=\"wpforms-471-field_26\" class=\"wpforms-field-medium\" name=\"wpforms[fields][26]\" aria-errormessage=\"wpforms-471-field_26-error\" ><\/div><div id=\"wpforms-471-field_27-container\" class=\"wpforms-field wpforms-field-text\" data-field-id=\"27\"><label class=\"wpforms-field-label\" for=\"wpforms-471-field_27\">Fono<\/label><input type=\"text\" id=\"wpforms-471-field_27\" class=\"wpforms-field-medium\" name=\"wpforms[fields][27]\" aria-errormessage=\"wpforms-471-field_27-error\" ><\/div><div id=\"wpforms-471-field_28-container\" class=\"wpforms-field wpforms-field-select wpforms-field-select-style-classic\" data-field-id=\"28\"><label class=\"wpforms-field-label\" for=\"wpforms-471-field_28\">Campo Select (plan)<\/label><select id=\"wpforms-471-field_28\" class=\"wpforms-field-medium\" name=\"wpforms[fields][28]\"><option value=\"\" class=\"placeholder\" disabled  selected='selected'>---<\/option><option value=\"U60\"  class=\"choice-0 depth-1\"  >U60<\/option><option value=\"U120\"  class=\"choice-1 depth-1\"  >U120<\/option><option value=\"U500\"  class=\"choice-2 depth-1\"  >U500<\/option><option value=\"U1000\"  class=\"choice-3 depth-1\"  >U1000<\/option><option value=\"U2000\"  class=\"choice-4 depth-1\"  >U2000<\/option><option value=\"U4000\"  class=\"choice-5 depth-1\"  >U4000<\/option><option value=\"Ilimitado\"  class=\"choice-10 depth-1\"  >Ilimitado<\/option><option value=\"Ilimitado Plus\"  class=\"choice-11 depth-1\"  >Ilimitado Plus<\/option><option value=\"Ilimitado Premium\"  class=\"choice-12 depth-1\"  >Ilimitado Premium<\/option><option value=\"Business\"  class=\"choice-13 depth-1\"  >Business<\/option><option value=\"Business Plus\"  class=\"choice-14 depth-1\"  >Business Plus<\/option><option value=\"Business Premium\"  class=\"choice-15 depth-1\"  >Business Premium<\/option><option value=\"Web gratis (desde U500)\"  class=\"choice-6 depth-1\"  >Web gratis (desde U500)<\/option><option value=\"segundo a\u00f1o gratis (hasta U1000)\"  class=\"choice-7 depth-1\"  >segundo a\u00f1o gratis (hasta U1000)<\/option><option value=\"doble espacio (hasta U1000)\"  class=\"choice-8 depth-1\"  >doble espacio (hasta U1000)<\/option><option value=\"Prueba gratis (hasta U120)\"  class=\"choice-9 depth-1\"  >Prueba gratis (hasta U120)<\/option><\/select><div id=\"wpforms-471-field_28-description\" class=\"wpforms-field-description\">Desea contratar servicio de hosting? Aproveche de nuestras promociones y planes:<\/div><\/div><div id=\"wpforms-471-field_29-container\" class=\"wpforms-field wpforms-field-textarea\" data-field-id=\"29\"><label class=\"wpforms-field-label\" for=\"wpforms-471-field_29\">Tu mensaje (opcional)<\/label><textarea id=\"wpforms-471-field_29\" class=\"wpforms-field-medium\" name=\"wpforms[fields][29]\" aria-errormessage=\"wpforms-471-field_29-error\" ><\/textarea><\/div><\/div><!-- .wpforms-field-container --><div class=\"wpforms-recaptcha-container wpforms-is-recaptcha wpforms-is-recaptcha-type-v2\" ><div class=\"g-recaptcha\" data-sitekey=\"6LfxYgkqAAAAAC4z4pspI4gNBhCkUYfLjdCqckMB\"><\/div><input type=\"text\" name=\"g-recaptcha-hidden\" class=\"wpforms-recaptcha-hidden\" style=\"position:absolute!important;clip:rect(0,0,0,0)!important;height:1px!important;width:1px!important;border:0!important;overflow:hidden!important;padding:0!important;margin:0!important;\" data-rule-recaptcha=\"1\"><\/div><div class=\"wpforms-submit-container\" ><input type=\"hidden\" name=\"wpforms[id]\" value=\"471\"><input type=\"hidden\" name=\"page_title\" value=\"\"><input type=\"hidden\" name=\"page_url\" value=\"https:\/\/hosting.inet.cl\/index.php?rest_route=\/wp\/v2\/pages\/344\"><input type=\"hidden\" name=\"url_referer\" value=\"\"><button type=\"submit\" name=\"wpforms[submit]\" id=\"wpforms-submit-471\" class=\"wpforms-submit\" data-alt-text=\"Enviando\" data-submit-text=\"Enviar\" aria-live=\"assertive\" value=\"wpforms-submit\">Enviar<\/button><\/div><\/form><\/div>  <!-- .wpforms-container -->\n\n\n\n","protected":false},"excerpt":{"rendered":"","protected":false},"author":1,"featured_media":0,"parent":282,"menu_order":0,"comment_status":"closed","ping_status":"closed","template":"","meta":{"pagelayer_contact_templates":[],"_pagelayer_content":"","footnotes":""},"class_list":["post-344","page","type-page","status-publish","hentry"],"_links":{"self":[{"href":"https:\/\/hosting.inet.cl\/index.php?rest_route=\/wp\/v2\/pages\/344","targetHints":{"allow":["GET"]}}],"collection":[{"href":"https:\/\/hosting.inet.cl\/index.php?rest_route=\/wp\/v2\/pages"}],"about":[{"href":"https:\/\/hosting.inet.cl\/index.php?rest_route=\/wp\/v2\/types\/page"}],"author":[{"embeddable":true,"href":"https:\/\/hosting.inet.cl\/index.php?rest_route=\/wp\/v2\/users\/1"}],"replies":[{"embeddable":true,"href":"https:\/\/hosting.inet.cl\/index.php?rest_route=%2Fwp%2Fv2%2Fcomments&post=344"}],"version-history":[{"count":17,"href":"https:\/\/hosting.inet.cl\/index.php?rest_route=\/wp\/v2\/pages\/344\/revisions"}],"predecessor-version":[{"id":782,"href":"https:\/\/hosting.inet.cl\/index.php?rest_route=\/wp\/v2\/pages\/344\/revisions\/782"}],"up":[{"embeddable":true,"href":"https:\/\/hosting.inet.cl\/index.php?rest_route=\/wp\/v2\/pages\/282"}],"wp:attachment":[{"href":"https:\/\/hosting.inet.cl\/index.php?rest_route=%2Fwp%2Fv2%2Fmedia&parent=344"}],"curies":[{"name":"wp","href":"https:\/\/api.w.org\/{rel}","templated":true}]}}