{"id":857,"date":"2023-08-30T15:57:40","date_gmt":"2023-08-30T18:57:40","guid":{"rendered":"https:\/\/hosting.inet.cl\/?page_id=857"},"modified":"2024-11-27T17:33:25","modified_gmt":"2024-11-27T20:33:25","slug":"paginas-web","status":"publish","type":"page","link":"https:\/\/hosting.inet.cl\/?page_id=857","title":{"rendered":"P\u00e1ginas Web"},"content":{"rendered":"\n\n\n<h2><strong style=\"color: rgb(161, 0, 0);\">P\u00e1ginas WEB<\/strong><\/h2>\n<p style=\"text-align: center;\"><strong style=\"font-size: x-large;\">Potencia tu empresa o emprendimiento, con una p\u00e1gina para tus clientes y usuarios.<\/strong><\/p>\n<p style=\"font-size: large; text-align: center;\">Tenemos a tu disposici\u00f3n dise\u00f1os b\u00e1sicos y avanzados para tu p\u00e1gina web.<\/p>\n<p style=\"text-align: center; font-size: large;\">Dise\u00f1os en base WordPress o CMSimple,&nbsp;<span style=\"background-color: initial;\">tienda virtual,&nbsp;<\/span><span style=\"background-color: initial;\">pagos en l\u00ednea&nbsp;<\/span><span style=\"background-color: initial;\">(integraci\u00f3n MercadoPago), formulario de contacto<\/span><\/p>\n<p style=\"text-align: center; font-size: large;\">Aprovecha nuestra oferta de <a href=\"https:\/\/hosting.inet.cl\/?page_id=364\">WEB GRATIS<\/a> por la contrataci\u00f3n de planes de hosting (planes b\u00e1sicos U500 o superiores).&nbsp;<\/p>\n<p style=\"text-align: center; font-size: large;\">Cu\u00e9ntanos de tu proyecto, queremos ayudarte a hacerlo realidad! O elije nuestra insuperable promoci\u00f3n y ten YA tu p\u00e1gina.<\/p>\n\n\n\n\n\n\n\n\n\n\n\n<p style=\"font-size: large;\">Algunos de nuestros clientes de dise\u00f1o:<\/p>\n<p><a href=\"https:\/\/beiben.cl\/\">Beiben Truck(avanzado)<\/a><\/p>\n<p><a href=\"https:\/\/howardyc.com\/\">Howard&amp;C, Marketing Imprenta y Dise\u00f1o&nbsp;(b\u00e1sico)<\/a><\/p>\n<p><a href=\"https:\/\/cabanaselcanelo.cl\/\">Caba\u00f1as el Canelo (b\u00e1sico)<\/a><\/p>\n\n\n","protected":false},"excerpt":{"rendered":"","protected":false},"author":1,"featured_media":0,"parent":0,"menu_order":0,"comment_status":"closed","ping_status":"closed","template":"","meta":{"pagelayer_contact_templates":[],"_pagelayer_content":"","footnotes":""},"class_list":["post-857","page","type-page","status-publish","hentry"],"_links":{"self":[{"href":"https:\/\/hosting.inet.cl\/index.php?rest_route=\/wp\/v2\/pages\/857","targetHints":{"allow":["GET"]}}],"collection":[{"href":"https:\/\/hosting.inet.cl\/index.php?rest_route=\/wp\/v2\/pages"}],"about":[{"href":"https:\/\/hosting.inet.cl\/index.php?rest_route=\/wp\/v2\/types\/page"}],"author":[{"embeddable":true,"href":"https:\/\/hosting.inet.cl\/index.php?rest_route=\/wp\/v2\/users\/1"}],"replies":[{"embeddable":true,"href":"https:\/\/hosting.inet.cl\/index.php?rest_route=%2Fwp%2Fv2%2Fcomments&post=857"}],"version-history":[{"count":14,"href":"https:\/\/hosting.inet.cl\/index.php?rest_route=\/wp\/v2\/pages\/857\/revisions"}],"predecessor-version":[{"id":919,"href":"https:\/\/hosting.inet.cl\/index.php?rest_route=\/wp\/v2\/pages\/857\/revisions\/919"}],"wp:attachment":[{"href":"https:\/\/hosting.inet.cl\/index.php?rest_route=%2Fwp%2Fv2%2Fmedia&parent=857"}],"curies":[{"name":"wp","href":"https:\/\/api.w.org\/{rel}","templated":true}]}}