{"id":528,"date":"2023-05-15T19:50:32","date_gmt":"2023-05-15T19:50:32","guid":{"rendered":"https:\/\/hosting.inet.cl\/?post_type=product&#038;p=528"},"modified":"2024-10-30T11:14:42","modified_gmt":"2024-10-30T14:14:42","slug":"u500-1-gratis","status":"publish","type":"product","link":"https:\/\/hosting.inet.cl\/?product=u500-1-gratis","title":{"rendered":"U500 A\u00d1O GRATIS"},"content":{"rendered":"<div class=\"p-mwq9619 pagelayer-list_item\">\n<div class=\"p-x34602 pagelayer-list_item\">\n<div class=\"p-gf9402 pagelayer-list_item\">\n<ul>\n<li class=\"pagelayer-list-li\"><span class=\"pagelayer-list-icon-holder\"><span class=\"pagelayer-list-item\">MBs compartidos: 500<\/span><\/span><i class=\"pagelayer-list-icon \"><\/i><\/li>\n<li class=\"pagelayer-list-li\"><span class=\"pagelayer-list-icon-holder\"><span class=\"pagelayer-list-item\">Cuentas email (POP3\/SMTP): ilimitadas<\/span><\/span><i class=\"pagelayer-list-icon \"><\/i><\/li>\n<li class=\"pagelayer-list-li\"><span class=\"pagelayer-list-icon-holder\"><span class=\"pagelayer-list-item\">Subdominios, MYSQL y cuentas FTP: ilimitados<\/span><\/span><\/li>\n<li class=\"pagelayer-list-li\">Estadisticas (Awstats)<i class=\"pagelayer-list-icon \"><\/i><\/li>\n<li class=\"pagelayer-list-li\"><span class=\"pagelayer-list-icon-holder\"><span class=\"pagelayer-list-item\">cPanel\/Webmail<\/span><\/span><i class=\"pagelayer-list-icon \"><\/i><\/li>\n<li class=\"pagelayer-list-li\"><span class=\"pagelayer-list-icon-holder\"><span class=\"pagelayer-list-item\">InmunifyAV<\/span><\/span><i class=\"pagelayer-list-icon \"><\/i><\/li>\n<li class=\"pagelayer-list-li\"><span class=\"pagelayer-list-icon-holder\"><span class=\"pagelayer-list-item\">soporte profesional<\/span><\/span><\/li>\n<\/ul>\n<\/div>\n<div class=\"p-eom4712 pagelayer-list_item\"><\/div>\n<div class=\"p-m5v2830 pagelayer-list_item\"><\/div>\n<div class=\"p-kah8783 pagelayer-list_item\"><\/div>\n<div class=\"p-cby1677 pagelayer-list_item\"><\/div>\n<div class=\"p-ahp8296 pagelayer-list_item\"><\/div>\n<\/div>\n<div class=\"p-1il769 pagelayer-list_item\"><\/div>\n<\/div>\n<h4 class=\"p-xjj5424 pagelayer-list_item\" style=\"text-align: left;\"><a href=\"https:\/\/hosting.inet.cl\/promos\/tu-1-gratis\/\"><span style=\"color: #00ccff;\"><strong>Detalle promoci\u00f3n a\u00f1o gratis<\/strong><\/span><\/a><\/h4>\n<p>&nbsp;<\/p>\n<p>*Promoci\u00f3n v\u00e1lida para contratos nuevos, planes b\u00e1sicos, por un per\u00edodo (primer a\u00f1o), por el tiempo que dure esta promoci\u00f3n. Valores incluyen IVA<\/p>\n<div>\n<p>*NOTA: promociones sujetas a disponibilidad y fechas promocionales. NO incluyen registro de dominio. Cada promoci\u00f3n est\u00e1 disponible para planes definidos, revisar detalles en el link de cada promoci\u00f3n. En el caso de la web gratis, la misma tiene limites de contenido y corresponde a un predise\u00f1o entre opciones de plantilla definidas. PLANES PREMIUM, ILIMITADOS o ESPECIALES consultar aplicabilidad. Promociones v\u00e1lidas s\u00f3lo para planes dominios NUEVOS, no incluye renovaciones. Estas promociones no son\u00a0acumulables entre ellas o con otras promociones o descuentos.<\/p>\n<\/div>\n","protected":false},"excerpt":{"rendered":"<div>PLAN U500 A\u00d1O GRATIS (Web, EMAIL, MYSQL)<\/div>\n<div class=\"p-frh2013 pagelayer-list_item\"><strong>Pagas s\u00f3lo un a\u00f1o y tendr\u00e1s dos a\u00f1os completos de servicio! (s\u00f3lo nuevos planes)<\/strong><\/div>\n<div class=\"p-bqd6256 pagelayer-list_item\">\n<p>&nbsp;<\/p>\n<\/div>\n<div class=\"p-8pj7936 pagelayer-list_item\"><\/div>\n","protected":false},"featured_media":393,"template":"","meta":{"pagelayer_contact_templates":[],"_pagelayer_content":""},"product_brand":[],"product_cat":[32,25],"product_tag":[],"class_list":{"0":"post-528","1":"product","2":"type-product","3":"status-publish","4":"has-post-thumbnail","6":"product_cat-32","7":"product_cat-promos","9":"first","10":"instock","11":"shipping-taxable","12":"purchasable","13":"product-type-simple"},"_links":{"self":[{"href":"https:\/\/hosting.inet.cl\/index.php?rest_route=\/wp\/v2\/product\/528","targetHints":{"allow":["GET"]}}],"collection":[{"href":"https:\/\/hosting.inet.cl\/index.php?rest_route=\/wp\/v2\/product"}],"about":[{"href":"https:\/\/hosting.inet.cl\/index.php?rest_route=\/wp\/v2\/types\/product"}],"wp:featuredmedia":[{"embeddable":true,"href":"https:\/\/hosting.inet.cl\/index.php?rest_route=\/wp\/v2\/media\/393"}],"wp:attachment":[{"href":"https:\/\/hosting.inet.cl\/index.php?rest_route=%2Fwp%2Fv2%2Fmedia&parent=528"}],"wp:term":[{"taxonomy":"product_brand","embeddable":true,"href":"https:\/\/hosting.inet.cl\/index.php?rest_route=%2Fwp%2Fv2%2Fproduct_brand&post=528"},{"taxonomy":"product_cat","embeddable":true,"href":"https:\/\/hosting.inet.cl\/index.php?rest_route=%2Fwp%2Fv2%2Fproduct_cat&post=528"},{"taxonomy":"product_tag","embeddable":true,"href":"https:\/\/hosting.inet.cl\/index.php?rest_route=%2Fwp%2Fv2%2Fproduct_tag&post=528"}],"curies":[{"name":"wp","href":"https:\/\/api.w.org\/{rel}","templated":true}]}}