{"id":536,"date":"2023-05-15T20:37:19","date_gmt":"2023-05-15T20:37:19","guid":{"rendered":"https:\/\/hosting.inet.cl\/?post_type=product&#038;p=536"},"modified":"2024-10-30T11:12:18","modified_gmt":"2024-10-30T14:12:18","slug":"u1000-doble","status":"publish","type":"product","link":"https:\/\/hosting.inet.cl\/?product=u1000-doble","title":{"rendered":"U1000 DOBLE"},"content":{"rendered":"<div class=\"p-iwg8385 pagelayer-text\">\n<div class=\"pagelayer-text-holder\">\n<div class=\"p-mwq9619 pagelayer-list_item\">\n<div class=\"p-x34602 pagelayer-list_item\">\n<div class=\"p-gf9402 pagelayer-list_item\">\n<div class=\"p-oa6776 pagelayer-list_item\">\n<div class=\"p-x34602 pagelayer-list_item\">\n<ul>\n<li class=\"pagelayer-list-li\"><span class=\"pagelayer-list-icon-holder\"><span class=\"pagelayer-list-item\">MBs compartidos: 1000<\/span><\/span><i class=\"pagelayer-list-icon \"><\/i><\/li>\n<li class=\"pagelayer-list-li\"><span class=\"pagelayer-list-icon-holder\"><span class=\"pagelayer-list-item\">Cuentas email (POP3\/SMTP): ilimitadas<\/span><\/span><i class=\"pagelayer-list-icon \"><\/i><\/li>\n<li class=\"pagelayer-list-li\"><span class=\"pagelayer-list-icon-holder\"><span class=\"pagelayer-list-item\">Subdominios, MYSQL y cuentas FTP: ilimitadas<\/span><\/span><\/li>\n<li class=\"pagelayer-list-li\">Estadisticas (Awstats)<i class=\"pagelayer-list-icon \"><\/i><\/li>\n<li class=\"pagelayer-list-li\"><span class=\"pagelayer-list-icon-holder\"><span class=\"pagelayer-list-item\">cPanel\/Webmail<\/span><\/span><i class=\"pagelayer-list-icon \"><\/i><\/li>\n<li class=\"pagelayer-list-li\"><span class=\"pagelayer-list-icon-holder\"><span class=\"pagelayer-list-item\">InmunifyAV<\/span><\/span><i class=\"pagelayer-list-icon \"><\/i><\/li>\n<li class=\"pagelayer-list-li\"><span class=\"pagelayer-list-icon-holder\"><span class=\"pagelayer-list-item\">soporte profesional<\/span><\/span><\/li>\n<\/ul>\n<\/div>\n<div class=\"p-gxk7849 pagelayer-list_item\"><\/div>\n<div class=\"p-3vy9942 pagelayer-list_item\"><\/div>\n<div class=\"p-bgl6492 pagelayer-list_item\"><\/div>\n<div class=\"p-ycl6329 pagelayer-list_item\"><\/div>\n<div class=\"p-1il769 pagelayer-list_item\"><\/div>\n<\/div>\n<div class=\"p-98s5086 pagelayer-list_item\"><a href=\"https:\/\/hosting.inet.cl\/promos\/duplica-tu-espacio\/\"><span style=\"color: #00ccff;\"><strong>Detalle promoci\u00f3n doble espacio<\/strong><\/span><\/a><\/div>\n<\/div>\n<\/div>\n<\/div>\n<p><strong>DUPLICA TU ESPACIO!<\/strong><\/p>\n<\/div>\n<\/div>\n<div class=\"p-vfa5043 pagelayer-text\">\n<div class=\"pagelayer-text-holder\">\n<p>Aprovecha esta oferta limitada. Si contratas cualquier plan de hosting b\u00e1sico (hasta U1000), duplica tu espacio compartido (ej, plan 500 MB, te llevas un 1 GB!).<\/p>\n<\/div>\n<\/div>\n<div class=\"p-wdn8006 pagelayer-text\">\n<div class=\"pagelayer-text-holder\">\n<p>Y te quedas con el espacio duplicado para siempre, sin necesidad de pagar m\u00e1s.<\/p>\n<\/div>\n<\/div>\n<div class=\"p-s5s8430 pagelayer-text\">\n<div class=\"pagelayer-text-holder\">\n<p>Ya eres cliente? Si vas a renovar y no has optado por esta oferta antes, puedes renovar por dos a\u00f1os y duplicar tu espacio para siempre!<\/p>\n<\/div>\n<\/div>\n<div class=\"p-rmn2058 pagelayer-text\">\n<div class=\"pagelayer-text-holder\">\n<p>*Esta promoci\u00f3n est\u00e1 sujeta a disponibilidad de stock y fechas promocionales. NO incluye registro de dominio. PLANES PREMIUM, ILIMITADOS o ESPECIALES consultar aplicabilidad. Promoci\u00f3n v\u00e1lida s\u00f3lo para planes dominio NUEVOS. No acumulable con otras promociones o descuentos.<\/p>\n<\/div>\n<\/div>\n","protected":false},"excerpt":{"rendered":"<p><strong>PLAN U1000 DOBLE<\/strong> (Web, EMAIL, MYSQL)<\/p>\n<p><strong>Si contratas HOY puedes duplicar tu espacio sin costo adicional y para siempre!<\/strong><\/p>\n","protected":false},"featured_media":725,"template":"","meta":{"pagelayer_contact_templates":[],"_pagelayer_content":""},"product_brand":[],"product_cat":[33,25],"product_tag":[],"class_list":{"0":"post-536","1":"product","2":"type-product","3":"status-publish","4":"has-post-thumbnail","6":"product_cat-doble","7":"product_cat-promos","9":"first","10":"instock","11":"shipping-taxable","12":"purchasable","13":"product-type-simple"},"_links":{"self":[{"href":"https:\/\/hosting.inet.cl\/index.php?rest_route=\/wp\/v2\/product\/536","targetHints":{"allow":["GET"]}}],"collection":[{"href":"https:\/\/hosting.inet.cl\/index.php?rest_route=\/wp\/v2\/product"}],"about":[{"href":"https:\/\/hosting.inet.cl\/index.php?rest_route=\/wp\/v2\/types\/product"}],"wp:featuredmedia":[{"embeddable":true,"href":"https:\/\/hosting.inet.cl\/index.php?rest_route=\/wp\/v2\/media\/725"}],"wp:attachment":[{"href":"https:\/\/hosting.inet.cl\/index.php?rest_route=%2Fwp%2Fv2%2Fmedia&parent=536"}],"wp:term":[{"taxonomy":"product_brand","embeddable":true,"href":"https:\/\/hosting.inet.cl\/index.php?rest_route=%2Fwp%2Fv2%2Fproduct_brand&post=536"},{"taxonomy":"product_cat","embeddable":true,"href":"https:\/\/hosting.inet.cl\/index.php?rest_route=%2Fwp%2Fv2%2Fproduct_cat&post=536"},{"taxonomy":"product_tag","embeddable":true,"href":"https:\/\/hosting.inet.cl\/index.php?rest_route=%2Fwp%2Fv2%2Fproduct_tag&post=536"}],"curies":[{"name":"wp","href":"https:\/\/api.w.org\/{rel}","templated":true}]}}