{"id":540,"date":"2023-05-15T20:52:26","date_gmt":"2023-05-15T20:52:26","guid":{"rendered":"https:\/\/hosting.inet.cl\/?post_type=product&#038;p=540"},"modified":"2024-10-30T11:11:06","modified_gmt":"2024-10-30T14:11:06","slug":"u500-web","status":"publish","type":"product","link":"https:\/\/hosting.inet.cl\/?product=u500-web","title":{"rendered":"U500 WEB"},"content":{"rendered":"<div class=\"p-iwg8385 pagelayer-text\">\n<div class=\"pagelayer-text-holder\">\n<div class=\"p-mwq9619 pagelayer-list_item\">\n<div class=\"p-x34602 pagelayer-list_item\">\n<div class=\"p-gf9402 pagelayer-list_item\">\n<div class=\"p-oa6776 pagelayer-list_item\">\n<div class=\"p-x34602 pagelayer-list_item\">\n<ul>\n<li class=\"pagelayer-list-li\"><span class=\"pagelayer-list-icon-holder\"><span class=\"pagelayer-list-item\">MBs compartidos: 500<\/span><\/span><i class=\"pagelayer-list-icon \"><\/i><\/li>\n<li class=\"pagelayer-list-li\"><span class=\"pagelayer-list-icon-holder\"><span class=\"pagelayer-list-item\">Cuentas email (POP3\/SMTP): ilimitadas<\/span><\/span><\/li>\n<li class=\"pagelayer-list-li\"><i class=\"pagelayer-list-icon \"><\/i><span class=\"pagelayer-list-icon-holder\"><span class=\"pagelayer-list-item\">Subdominios, MYSQL y cuentas FTP: ilimitadas<\/span><\/span><\/li>\n<li class=\"pagelayer-list-li\">Estadisticas (Awstats)<i class=\"pagelayer-list-icon \"><\/i><\/li>\n<li class=\"pagelayer-list-li\"><span class=\"pagelayer-list-icon-holder\"><span class=\"pagelayer-list-item\">cPanel\/Webmail<\/span><\/span><i class=\"pagelayer-list-icon \"><\/i><\/li>\n<li class=\"pagelayer-list-li\"><span class=\"pagelayer-list-icon-holder\"><span class=\"pagelayer-list-item\">InmunifyAV<\/span><\/span><i class=\"pagelayer-list-icon \"><\/i><\/li>\n<li class=\"pagelayer-list-li\"><span class=\"pagelayer-list-icon-holder\"><span class=\"pagelayer-list-item\">soporte profesional<\/span><\/span><\/li>\n<\/ul>\n<\/div>\n<div class=\"p-gxk7849 pagelayer-list_item\"><\/div>\n<div class=\"p-3vy9942 pagelayer-list_item\"><\/div>\n<div class=\"p-bgl6492 pagelayer-list_item\"><\/div>\n<div class=\"p-ycl6329 pagelayer-list_item\"><\/div>\n<div class=\"p-1il769 pagelayer-list_item\"><\/div>\n<\/div>\n<div class=\"p-98s5086 pagelayer-list_item\"><a href=\"https:\/\/hosting.inet.cl\/promos\/tu-web-gratuita\/\"><span style=\"color: #00ccff;\"><strong>Detalle promoci\u00f3n doble espacio<\/strong><\/span><\/a><\/div>\n<\/div>\n<\/div>\n<\/div>\n<div class=\"p-sm42425 pagelayer-text\">\n<div class=\"pagelayer-text-holder\">\n<p><strong>TU WEB GRATIS!<\/strong><\/p>\n<\/div>\n<\/div>\n<div class=\"p-0qy7253 pagelayer-text\">\n<div class=\"pagelayer-text-holder\">\n<p>Aprovecha esta oportunidad \u00fanica!<\/p>\n<\/div>\n<\/div>\n<div class=\"p-awg7426 pagelayer-text\">\n<div class=\"pagelayer-text-holder\">\n<p>Pagando s\u00f3lo por tu servicio de hosting (planes b\u00e1sicos U500 o superiores), obtienes un dise\u00f1o b\u00e1sico para tu web. Comienza a utilizar tu p\u00e1gina desde el primer d\u00eda!<\/p>\n<\/div>\n<\/div>\n<div class=\"p-rtc4659 pagelayer-text\">\n<div class=\"pagelayer-text-holder\">\n<p>Esta promoci\u00f3n est\u00e1 sujeta a disponibilidad de stock y fechas promocionales. El dise\u00f1o b\u00e1sico contempla plantillas predefinidas, en base WordPress o CMSimple. El contenido contempla hasta 10 planas de texto, hasta 20 im\u00e1genes o logos, un formulario de contacto con protecci\u00f3n recaptcha, y hasta 5 secciones o p\u00e1ginas en formato est\u00e1ndar del script elegido como base. Todo el material deber\u00e1 ser suministrado en formato digital (texto para textos, jpg para im\u00e1genes) Una vez terminado el predise\u00f1o el usuario podr\u00e1 hacer observaciones y se determinar\u00e1 la factibilidad de cambios y correcciones. En el eventual caso de requerir mayores capacidades, contenidos, formularios, etc, se evaluar\u00e1n costos y factibilidades adicionales.\u00a0No acumulable con otras promociones o descuentos.<\/p>\n<p>Promoci\u00f3n v\u00e1lida s\u00f3lo para planes dominios NUEVOS, no incluye renovaciones.\u00a0No acumulable con otras promociones o descuentos.<\/p>\n<\/div>\n<\/div>\n<\/div>\n<\/div>\n","protected":false},"excerpt":{"rendered":"<p><strong>PLAN U500 WEB<\/strong>\u00a0(Web, EMAIL, MYSQL)<\/p>\n<div class=\"p-sm42425 pagelayer-text\">\n<div class=\"pagelayer-text-holder\">\n<p><strong>TU WEB GRATIS! Pagando s\u00f3lo por tu servicio de hosting, obt\u00e9n un dise\u00f1o b\u00e1sico para tu web. Comienza a utilizar tu p\u00e1gina desde el primer d\u00eda<\/strong><\/p>\n<\/div>\n<\/div>\n","protected":false},"featured_media":394,"template":"","meta":{"pagelayer_contact_templates":[],"_pagelayer_content":""},"product_brand":[],"product_cat":[25,34],"product_tag":[],"class_list":{"0":"post-540","1":"product","2":"type-product","3":"status-publish","4":"has-post-thumbnail","6":"product_cat-promos","7":"product_cat-webgratis","9":"first","10":"instock","11":"shipping-taxable","12":"purchasable","13":"product-type-simple"},"_links":{"self":[{"href":"https:\/\/hosting.inet.cl\/index.php?rest_route=\/wp\/v2\/product\/540","targetHints":{"allow":["GET"]}}],"collection":[{"href":"https:\/\/hosting.inet.cl\/index.php?rest_route=\/wp\/v2\/product"}],"about":[{"href":"https:\/\/hosting.inet.cl\/index.php?rest_route=\/wp\/v2\/types\/product"}],"wp:featuredmedia":[{"embeddable":true,"href":"https:\/\/hosting.inet.cl\/index.php?rest_route=\/wp\/v2\/media\/394"}],"wp:attachment":[{"href":"https:\/\/hosting.inet.cl\/index.php?rest_route=%2Fwp%2Fv2%2Fmedia&parent=540"}],"wp:term":[{"taxonomy":"product_brand","embeddable":true,"href":"https:\/\/hosting.inet.cl\/index.php?rest_route=%2Fwp%2Fv2%2Fproduct_brand&post=540"},{"taxonomy":"product_cat","embeddable":true,"href":"https:\/\/hosting.inet.cl\/index.php?rest_route=%2Fwp%2Fv2%2Fproduct_cat&post=540"},{"taxonomy":"product_tag","embeddable":true,"href":"https:\/\/hosting.inet.cl\/index.php?rest_route=%2Fwp%2Fv2%2Fproduct_tag&post=540"}],"curies":[{"name":"wp","href":"https:\/\/api.w.org\/{rel}","templated":true}]}}