{"id":613,"date":"2023-05-17T12:34:02","date_gmt":"2023-05-17T12:34:02","guid":{"rendered":"https:\/\/hosting.inet.cl\/?post_type=product&#038;p=613"},"modified":"2024-10-30T11:31:32","modified_gmt":"2024-10-30T14:31:32","slug":"renueva-ilimitado","status":"publish","type":"product","link":"https:\/\/hosting.inet.cl\/?product=renueva-ilimitado","title":{"rendered":"Renueva Ilimitado"},"content":{"rendered":"<p>Renovaci\u00f3n de servicio hosting.<\/p>\n<p>El per\u00edodo renovado comienza el d\u00eda posterior al \u00faltimo d\u00eda de servicio del per\u00edodo anterior.<\/p>\n<p>Si lo que deseas es contratar un nuevo servicio, ingresa <a href=\"https:\/\/hosting.inet.cl\/\">AQUI<\/a> y selecciona el plan o promoci\u00f3n que mejor se ajuste a tus necesidades.<\/p>\n","protected":false},"excerpt":{"rendered":"<p>Renueva tu servicio por un per\u00edodo de 1 mes adicional!<\/p>\n<p>Si deseas renovar por m\u00e1s de un per\u00edodo simplemente aumenta la cantidad seleccionada.<\/p>\n","protected":false},"featured_media":54,"template":"","meta":{"pagelayer_contact_templates":[],"_pagelayer_content":""},"product_brand":[],"product_cat":[35],"product_tag":[],"class_list":{"0":"post-613","1":"product","2":"type-product","3":"status-publish","4":"has-post-thumbnail","6":"product_cat-renovacion","8":"first","9":"instock","10":"shipping-taxable","11":"purchasable","12":"product-type-simple"},"_links":{"self":[{"href":"https:\/\/hosting.inet.cl\/index.php?rest_route=\/wp\/v2\/product\/613","targetHints":{"allow":["GET"]}}],"collection":[{"href":"https:\/\/hosting.inet.cl\/index.php?rest_route=\/wp\/v2\/product"}],"about":[{"href":"https:\/\/hosting.inet.cl\/index.php?rest_route=\/wp\/v2\/types\/product"}],"wp:featuredmedia":[{"embeddable":true,"href":"https:\/\/hosting.inet.cl\/index.php?rest_route=\/wp\/v2\/media\/54"}],"wp:attachment":[{"href":"https:\/\/hosting.inet.cl\/index.php?rest_route=%2Fwp%2Fv2%2Fmedia&parent=613"}],"wp:term":[{"taxonomy":"product_brand","embeddable":true,"href":"https:\/\/hosting.inet.cl\/index.php?rest_route=%2Fwp%2Fv2%2Fproduct_brand&post=613"},{"taxonomy":"product_cat","embeddable":true,"href":"https:\/\/hosting.inet.cl\/index.php?rest_route=%2Fwp%2Fv2%2Fproduct_cat&post=613"},{"taxonomy":"product_tag","embeddable":true,"href":"https:\/\/hosting.inet.cl\/index.php?rest_route=%2Fwp%2Fv2%2Fproduct_tag&post=613"}],"curies":[{"name":"wp","href":"https:\/\/api.w.org\/{rel}","templated":true}]}}