{"id":827,"date":"2023-06-06T20:48:14","date_gmt":"2023-06-06T20:48:14","guid":{"rendered":"https:\/\/hosting.inet.cl\/?post_type=product&#038;p=827"},"modified":"2024-10-30T11:02:19","modified_gmt":"2024-10-30T14:02:19","slug":"renueva-u500-bianual","status":"publish","type":"product","link":"https:\/\/hosting.inet.cl\/?product=renueva-u500-bianual","title":{"rendered":"Renueva U500 bianual"},"content":{"rendered":"<p>Renovaci\u00f3n bianual de servicio hosting.<\/p>\n<p>El per\u00edodo renovado comienza el d\u00eda posterior al \u00faltimo d\u00eda de servicio del per\u00edodo anterior.<\/p>\n<p>La duplicaci\u00f3n de espacio aplica s\u00f3lo si no has utilizado \u00e9sta u otra promoci\u00f3n de doble espacio.<\/p>\n<p>Si lo que deseas es contratar un nuevo servicio, ingresa <a href=\"https:\/\/hosting.inet.cl\/\">AQUI<\/a> y selecciona el plan o promoci\u00f3n que mejor se ajuste a tus necesidades.<\/p>\n","protected":false},"excerpt":{"rendered":"<p>Renueva tu servicio por dos per\u00edodos adicionales y duplica tu espacio gratis!<\/p>\n<p>&nbsp;<\/p>\n","protected":false},"featured_media":54,"template":"","meta":{"pagelayer_contact_templates":[],"_pagelayer_content":""},"product_brand":[],"product_cat":[35],"product_tag":[],"class_list":{"0":"post-827","1":"product","2":"type-product","3":"status-publish","4":"has-post-thumbnail","6":"product_cat-renovacion","8":"first","9":"instock","10":"shipping-taxable","11":"purchasable","12":"product-type-simple"},"_links":{"self":[{"href":"https:\/\/hosting.inet.cl\/index.php?rest_route=\/wp\/v2\/product\/827","targetHints":{"allow":["GET"]}}],"collection":[{"href":"https:\/\/hosting.inet.cl\/index.php?rest_route=\/wp\/v2\/product"}],"about":[{"href":"https:\/\/hosting.inet.cl\/index.php?rest_route=\/wp\/v2\/types\/product"}],"wp:featuredmedia":[{"embeddable":true,"href":"https:\/\/hosting.inet.cl\/index.php?rest_route=\/wp\/v2\/media\/54"}],"wp:attachment":[{"href":"https:\/\/hosting.inet.cl\/index.php?rest_route=%2Fwp%2Fv2%2Fmedia&parent=827"}],"wp:term":[{"taxonomy":"product_brand","embeddable":true,"href":"https:\/\/hosting.inet.cl\/index.php?rest_route=%2Fwp%2Fv2%2Fproduct_brand&post=827"},{"taxonomy":"product_cat","embeddable":true,"href":"https:\/\/hosting.inet.cl\/index.php?rest_route=%2Fwp%2Fv2%2Fproduct_cat&post=827"},{"taxonomy":"product_tag","embeddable":true,"href":"https:\/\/hosting.inet.cl\/index.php?rest_route=%2Fwp%2Fv2%2Fproduct_tag&post=827"}],"curies":[{"name":"wp","href":"https:\/\/api.w.org\/{rel}","templated":true}]}}